{"id":588,"date":"2018-03-05T15:53:36","date_gmt":"2018-03-05T14:53:36","guid":{"rendered":"https:\/\/orchestra.clouditalia.com\/index.php\/privacy-copy\/"},"modified":"2025-04-04T12:19:36","modified_gmt":"2025-04-04T10:19:36","slug":"note-legali","status":"publish","type":"page","link":"https:\/\/orchestra.retelit.it\/index.php\/note-legali\/","title":{"rendered":"Note legali"},"content":{"rendered":"<div class=\"wpb-content-wrapper\"><p>[vc_row][vc_column]<div class=\"gap\" style=\"line-height: 50px; height: 50px;\"><\/div>[vc_column_text]<\/p>\n<h3 class=\"green\">NOTE LEGALI<\/h3>\n<p><b>Retelit S.p.A.<\/b><br \/>\nsede legale: via Pola 9, Milano &#8211; 20124<br \/>\ncodice fiscale e numero di iscrizione presso il Registro delle Imprese della Camera di Commercio di Milano Monza Brianza Lodi 12897160151.<\/p>\n<h4 class=\"green\">TERMINI E CONDIZIONI DI UTILIZZO<\/h4>\n<p>Il sito Internet orchestra.retelit.it \u00e8 un servizio di informazioni on-line fornito da Retelit S.p.A (di seguito \u201cRetelit&#8221;). Il suo utilizzo \u00e8 subordinato alla preventiva accettazione dei termini e delle condizioni di servizio. Se non si accettano i termini e le condizioni di utilizzo, si \u00e8 invitati a non utilizzare il sito ed a non scaricare alcun materiale ivi contenuto. I contenuti delle pagine di questo sito non possono quindi, n\u00e9 totalmente n\u00e9 parzialmente, essere copiati, riprodotti, distribuiti, trasferiti, caricati o pubblicati in qualsiasi modo e a qualsiasi scopo senza il preventivo consenso scritto di Retelit. E&#8217; consentita esclusivamente la possibilit\u00e0 di raccogliere i dati contenuti sul proprio computer e\/o di stampare estratti delle pagine di questo sito per utilizzo personale dell&#8217;Utente. Il nome Retelit, i marchi e i loghi che compaiono su questo sito Internet sono di propriet\u00e0 di Retelit S.p.A. e non possono essere utilizzati su alcun sito diverso da quello di Retelit, n\u00e8 come indirizzi Internet di altri siti, o quali parti di tali indirizzi, senza il preventivo consenso scritto di Retelit.<\/p>\n<h4 class=\"green\">Feed RSS<\/h4>\n<p>I feed RSS disponibili sul sito Retelit possono essere sottoscritti solo dagli Utenti che hanno richiesto il servizio per uso privato e per la sola visualizzazione mediante gli aggregatori di documenti RSS, ossia programmi chiamati FeedReaders (o pi\u00f9 semplicemente Readers). Non \u00e8 consentito l&#8217;impiego dei Feed pubblicati sul portale Retelit per finalit\u00e0 commerciali n\u00e9 per la pubblicazione di contenuti su siti web, blog o similari. L&#8217;Utilizzatore dichiara di essere a conoscenza, di accettare intregralmente e, pertanto, di rispettare tutte le indicazioni qui previste. Retelit si riserva il diritto di cessare con effetto immediato la fornitura del servizio RSS e di richiedere l&#8217;immediata sospensione di qualunque utilizzo dei feed RSS che non sia conforme a quello sopra indicato.<\/p>\n<h4 class=\"green\">Link<\/h4>\n<p>Retelit non \u00e8 in alcun modo responsabile per materiali creati o pubblicati da terzi con i quali il sito Retelit abbia un link di collegamento, n\u00e9 sulla liceit\u00e0 e la correttezza degli stessi. Eventuali richieste di autorizzazioni ad effettuare link e\/o citazioni e\/o qualunque altro utilizzo di contenuti dei siti collegati al presente dovranno essere rivolte esclusivamente al sito Internet di origine del servizio. Chi decide di visitare un sito collegato al sito Retelit lo fa a suo rischio, assumendosi l&#8217;onere di prendere tutte le misure necessarie contro virus od altri elementi distruttivi.<\/p>\n<h4 class=\"green\">Limiti di responsabilit\u00e0<\/h4>\n<p>Le informazioni contenute in questo sito sono fornite in buona fede con accuratezza da parte di Retelit. Le informazioni contenute in questo sito possono essere tecnicamente inaccurate o viziate da errori tipografici. Le informazioni contenute nel sito o in alcune sue sezioni possono essere modificate, aggiornate cambiate o eliminate in qualunque momento senza preavviso Retelit non sar\u00e0 ritenuta responsabile per qualsiasi danno diretto o indiretto, causato dall&#8217;utilizzo di questo sito.<\/p>\n<h4 class=\"green\">Foro Competente<\/h4>\n<p>Il presente Contratto \u00e8 regolato dalla Legge italiana. Il Foro di Milano, avr\u00e0 giurisdizione e competenza esclusiva per eventuali controversie comunque connesse a queste condizioni. Ci\u00f2 nonostante, Retelit si riserva, qualora lo ritenga necessario, di poter agire in giudizio di fronte a Tribunali di Paesi diversi dall&#8217;Italia, per proteggere i propri interessi e far rispettare i propri diritti.[\/vc_column_text]<div class=\"gap\" style=\"line-height: 50px; height: 50px;\"><\/div>[\/vc_column][\/vc_row]<\/p>\n<\/div>","protected":false},"excerpt":{"rendered":"<p>[vc_row][vc_column][vc_column_text] NOTE LEGALI Retelit S.p.A. sede legale: via Pola 9, Milano &#8211; 20124 codice fiscale e numero di iscrizione presso il Registro delle Imprese della Camera di Commercio di Milano Monza Brianza Lodi 12897160151. TERMINI E CONDIZIONI DI UTILIZZO Il sito Internet orchestra.retelit.it \u00e8 un servizio di informazioni on-line fornito da Retelit S.p.A (di seguito&hellip;<\/p>\n","protected":false},"author":1,"featured_media":0,"parent":0,"menu_order":0,"comment_status":"closed","ping_status":"closed","template":"","meta":{"footnotes":""},"class_list":["post-588","page","type-page","status-publish","hentry","description-off"],"_links":{"self":[{"href":"https:\/\/orchestra.retelit.it\/index.php\/wp-json\/wp\/v2\/pages\/588","targetHints":{"allow":["GET"]}}],"collection":[{"href":"https:\/\/orchestra.retelit.it\/index.php\/wp-json\/wp\/v2\/pages"}],"about":[{"href":"https:\/\/orchestra.retelit.it\/index.php\/wp-json\/wp\/v2\/types\/page"}],"author":[{"embeddable":true,"href":"https:\/\/orchestra.retelit.it\/index.php\/wp-json\/wp\/v2\/users\/1"}],"replies":[{"embeddable":true,"href":"https:\/\/orchestra.retelit.it\/index.php\/wp-json\/wp\/v2\/comments?post=588"}],"version-history":[{"count":10,"href":"https:\/\/orchestra.retelit.it\/index.php\/wp-json\/wp\/v2\/pages\/588\/revisions"}],"predecessor-version":[{"id":6935,"href":"https:\/\/orchestra.retelit.it\/index.php\/wp-json\/wp\/v2\/pages\/588\/revisions\/6935"}],"wp:attachment":[{"href":"https:\/\/orchestra.retelit.it\/index.php\/wp-json\/wp\/v2\/media?parent=588"}],"curies":[{"name":"wp","href":"https:\/\/api.w.org\/{rel}","templated":true}]}}