{"id":3900,"date":"2018-08-03T15:11:06","date_gmt":"2018-08-03T13:11:06","guid":{"rendered":"https:\/\/orchestra.clouditalia.com\/index.php\/dashboard\/voce\/number-portability-copy\/"},"modified":"2024-10-08T17:50:36","modified_gmt":"2024-10-08T15:50:36","slug":"number-portability","status":"publish","type":"page","link":"https:\/\/orchestra.retelit.it\/index.php\/dashboard\/fax\/number-portability\/","title":{"rendered":"Number Portability"},"content":{"rendered":"<div class=\"wpb-content-wrapper\"><p>[vc_row][vc_column]<style type=\"text\/css\" data-type=\"the7_shortcodes-inline-css\">.dt-breadcrumbs-id-a5fa9a75788848dea54239d1d5c788e4 .breadcrumbs {\n  display: inline-block;\n  margin: 0;\n  padding: 2px 10px 2px 10px;\n  border: 0px solid ;\n  border-radius: 0px;\n}\n.dt-breadcrumbs-id-a5fa9a75788848dea54239d1d5c788e4 .breadcrumbs * {\n  color: #a2a5a6;\n}<\/style><div class=\"dt-breadcrumbs-shortcode dt-breadcrumbs-id-a5fa9a75788848dea54239d1d5c788e4 align-left\"><div class=\"assistive-text\">You are here:<\/div><ol class=\"breadcrumbs text-small\" itemscope itemtype=\"https:\/\/schema.org\/BreadcrumbList\"><li itemprop=\"itemListElement\" itemscope itemtype=\"https:\/\/schema.org\/ListItem\"><a itemprop=\"item\" href=\"https:\/\/orchestra.retelit.it\/\" title=\"Home\"><span itemprop=\"name\">Home<\/span><\/a><meta itemprop=\"position\" content=\"1\" \/><\/li><li class=\"current\" itemprop=\"itemListElement\" itemscope itemtype=\"https:\/\/schema.org\/ListItem\"><span itemprop=\"name\">Pagina<\/span><meta itemprop=\"position\" content=\"2\" \/><\/li><\/ol><\/div>[\/vc_column][\/vc_row][vc_row][vc_column width=&#8221;1\/4&#8243;][vc_wp_custommenu title=&#8221;FAX&#8221; nav_menu=&#8221;43&#8243; el_id=&#8221;sx&#8221; el_class=&#8221;sx&#8221;][\/vc_column][vc_column width=&#8221;3\/4&#8243;][vc_tta_pageable no_fill_content_area=&#8221;1&#8243; active_section=&#8221;1&#8243; pagination_style=&#8221;&#8221; el_id=&#8221;pagina1&#8243;][vc_tta_section title=&#8221;Sezione 1&#8243; tab_id=&#8221;1532609487380-fe615777-8576&#8243;][vc_column_text css=&#8221;&#8221;]<\/p>\n<h3 class=\"green\">Number Portability<\/h3>\n<div class=\"_msg_np_off\">Nota bene: ricorda che per completare la portabilit\u00e0 della tua numerazione \u00e8 necessario che il contratto con l&#8217;attuale operatore telefonico rimanga attivo fino al momento dell\u2019avvenuta portabilit\u00e0, che coincide con il passaggio effettivo del numero all&#8217;operatore Retelit.<\/div>\n<p>[\/vc_column_text][vc_empty_space][vc_column_text]<\/p>\n<table>\n<thead>\n<tr>\n<th>Numero Orchestra<\/th>\n<th>Numero Portato<\/th>\n<th>Stato Portabilit&agrave;<\/th>\n<th>Documentazione<\/th>\n<\/tr>\n<\/thead>\n<tbody id=\"tbl_numeri_attivi\"><\/tbody>\n<\/table>\n<p>[\/vc_column_text][\/vc_tta_section][\/vc_tta_pageable][vc_tta_pageable no_fill_content_area=&#8221;1&#8243; active_section=&#8221;1&#8243; pagination_style=&#8221;&#8221; el_id=&#8221;pagina2&#8243;][vc_tta_section title=&#8221;Sezione 1&#8243; tab_id=&#8221;1532610882661-cecd4116-7ee5&#8243;][vc_row_inner][vc_column_inner width=&#8221;2\/3&#8243;][vc_column_text css=&#8221;&#8221;]<\/p>\n<p><b>Dati Intestatario Account Orchestra<\/b><\/p>\n<p>[\/vc_column_text][\/vc_column_inner][vc_column_inner width=&#8221;1\/3&#8243;][vc_btn title=&#8221;Indietro&#8221; align=&#8221;right&#8221; css=&#8221;.vc_custom_1536134270911{margin-right: 10px !important;}&#8221; el_id=&#8221;np_indietro&#8221;][\/vc_column_inner][\/vc_row_inner][vc_separator][vc_row_inner][vc_column_inner width=&#8221;1\/4&#8243;][vc_column_text]Ragione Soc. \/ Nominativo[\/vc_column_text][\/vc_column_inner][vc_column_inner width=&#8221;3\/4&#8243;][vc_column_text]<input type=\"text\" id=\"np_ragione\" style=\"width:100%\" readonly>[\/vc_column_text][\/vc_column_inner][\/vc_row_inner][vc_empty_space height=&#8221;1px&#8221;][vc_row_inner][vc_column_inner width=&#8221;1\/4&#8243;][vc_column_text]<\/p>\n<p>Indirizzo di residenza<\/p>\n<p>[\/vc_column_text][\/vc_column_inner][vc_column_inner width=&#8221;3\/4&#8243;][vc_column_text]<\/p>\n<p><input type=\"text\" id=\"np_indirizzo\" style=\"width:100%\" readonly><\/p>\n<p>[\/vc_column_text][\/vc_column_inner][\/vc_row_inner][vc_empty_space height=&#8221;1px&#8221;][vc_row_inner][vc_column_inner width=&#8221;1\/4&#8243;][vc_column_text]<\/p>\n<p>Codice Fiscale \/ P.IVA<\/p>\n<p>[\/vc_column_text][\/vc_column_inner][vc_column_inner width=&#8221;3\/4&#8243;][vc_column_text]<\/p>\n<p><input type=\"text\" id=\"np_pivacf\" style=\"width:100%\" readonly><\/p>\n<p>[\/vc_column_text][\/vc_column_inner][\/vc_row_inner][vc_empty_space height=&#8221;1px&#8221;][vc_row_inner][vc_column_inner width=&#8221;1\/4&#8243;][vc_column_text]<\/p>\n<p>Email Account Orchestra<\/p>\n<p>[\/vc_column_text][\/vc_column_inner][vc_column_inner width=&#8221;3\/4&#8243;][vc_column_text]<\/p>\n<p><input type=\"text\" id=\"np_email\" style=\"width:100%\" readonly><\/p>\n<p>[\/vc_column_text][\/vc_column_inner][\/vc_row_inner][vc_empty_space][vc_row_inner][vc_column_inner width=&#8221;1\/2&#8243;][vc_column_text css=&#8221;&#8221;]<\/p>\n<p><b>Dati Intestatario Account Orchestra<\/b><\/p>\n<p>[\/vc_column_text][\/vc_column_inner][vc_column_inner width=&#8221;1\/2&#8243;][vc_column_text]<\/p>\n<p><a id=\"np_copiadati2\" href=\"javascript:;\"><input type='checkbox' id='np_copiadati'>&nbsp;&nbsp;Copia Dati Account Orchestra<\/a><\/p>\n<p>[\/vc_column_text][\/vc_column_inner][\/vc_row_inner][vc_separator][vc_empty_space height=&#8221;1px&#8221;][vc_row_inner][vc_column_inner width=&#8221;1\/4&#8243;][vc_column_text]<\/p>\n<p>Rag Soc. \/ Nominativo<\/p>\n<p>[\/vc_column_text][\/vc_column_inner][vc_column_inner width=&#8221;1\/4&#8243;][vc_column_text]<\/p>\n<p><input type=\"text\" id=\"np_ragsoc2\" style=\"width:100%\"><\/p>\n<p>[\/vc_column_text][\/vc_column_inner][vc_column_inner width=&#8221;1\/4&#8243;][vc_column_text]<\/p>\n<p>Indirizzo<\/p>\n<p>[\/vc_column_text][\/vc_column_inner][vc_column_inner width=&#8221;1\/4&#8243;][vc_column_text]<\/p>\n<p><input type=\"text\" id=\"np_indirizzo2\" style=\"width:100%\"><\/p>\n<p>[\/vc_column_text][\/vc_column_inner][\/vc_row_inner][vc_empty_space height=&#8221;1px&#8221;][vc_row_inner][vc_column_inner width=&#8221;1\/4&#8243;][vc_column_text]<\/p>\n<p>Cod Fiscale \/ P.IVA<\/p>\n<p>[\/vc_column_text][\/vc_column_inner][vc_column_inner width=&#8221;1\/4&#8243;][vc_column_text]<\/p>\n<p><input type=\"text\" id=\"np_pivacf2\" style=\"width:100%\"><\/p>\n<p>[\/vc_column_text][\/vc_column_inner][vc_column_inner width=&#8221;1\/4&#8243;][vc_column_text]<\/p>\n<p>Comune<\/p>\n<p>[\/vc_column_text][\/vc_column_inner][vc_column_inner width=&#8221;1\/4&#8243;][vc_column_text]<\/p>\n<p><select id=\"np_comune2\" style=\"width:100%\"><br \/>\n<\/select><\/p>\n<p>[\/vc_column_text][\/vc_column_inner][\/vc_row_inner][vc_empty_space height=&#8221;1px&#8221;][vc_row_inner][vc_column_inner width=&#8221;1\/4&#8243;][vc_column_text]<\/p>\n<p>Recapito Telefonico<\/p>\n<p>[\/vc_column_text][\/vc_column_inner][vc_column_inner width=&#8221;1\/4&#8243;][vc_column_text]<\/p>\n<p><input type=\"text\" id=\"np_telefono2\" style=\"width:100%\"><\/p>\n<p>[\/vc_column_text][\/vc_column_inner][vc_column_inner width=&#8221;1\/4&#8243;][vc_column_text]<\/p>\n<p>CAP<\/p>\n<p>[\/vc_column_text][\/vc_column_inner][vc_column_inner width=&#8221;1\/4&#8243;][vc_column_text]<\/p>\n<p><input type=\"text\" id=\"np_cap2\" style=\"width:100%\"><\/p>\n<p>[\/vc_column_text][\/vc_column_inner][\/vc_row_inner][vc_empty_space][vc_column_text css=&#8221;&#8221;]<\/p>\n<div class=\"_msg_np_off\"><b>Numero da portare<\/b><br \/>Nota bene: ricorda che per completare la portabilit\u00e0 della tua numerazione \u00e8 necessario che il contratto con l&#8217;attuale operatore telefonico rimanga attivo fino al momento dell\u2019avvenuta portabilit\u00e0, che coincide con il passaggio effettivo del numero all&#8217;operatore Retelit.<\/div>\n<p>[\/vc_column_text][vc_empty_space][vc_separator][vc_column_text]<\/p>\n<table>\n<thead>\n<tr>\n<th>Numerazione Telefonica <sup>(1)<\/sup><\/th>\n<th>Tipo di accesso <sup>(2)<\/sup><\/th>\n<th>Nr Linee <sup>(3)<\/sup><\/th>\n<th>Nr Orchestra<\/th>\n<th>Codice Migrazione <sup>(4)<\/sup><\/th>\n<\/tr>\n<\/thead>\n<tbody id=\"tbl_np_richiesta\">\n<tr id=\"np1\">\n<td><input type='text' id='np1_portato'><\/td>\n<td><select id='np1_tipo'><option value='POTS'>POTS<\/option><option value='ISDN'>ISDN<\/option><\/select><\/td>\n<td><select id='np1_nlinee'><option value='1'>1<\/option><option value='2'>2<\/option><option value='3'>3<\/option><option value='4'>4<\/option><option value='5'>5<\/option><option value='6'>6<\/option><option value='7'>7<\/option><option value='8'>8<\/option><\/select><\/td>\n<td><input type='text' id='np1_orchestra' readonly><\/td>\n<td><input type='text' id='np1_codice'><\/td>\n<\/tr>\n<tr id=\"np2\">\n<td><input type='text' id='np2_portato'><\/td>\n<td>&nbsp;<\/td>\n<td>&nbsp;<\/td>\n<td><select id='np2_orchestra'><br \/>\n<\/select><\/td>\n<td>&nbsp;<\/td>\n<\/tr>\n<tr id=\"np3\">\n<td><input type='text' id='np3_portato'><\/td>\n<td>&nbsp;<\/td>\n<td>&nbsp;<\/td>\n<td><select id='np3_orchestra'><br \/>\n<\/select><\/td>\n<td>&nbsp;<\/td>\n<\/tr>\n<tr id=\"np4\">\n<td><input type='text' id='np4_portato'><\/td>\n<td>&nbsp;<\/td>\n<td>&nbsp;<\/td>\n<td><select id='np4_orchestra'><br \/>\n<\/select><\/td>\n<td>&nbsp;<\/td>\n<\/tr>\n<tr id=\"np5\">\n<td><input type='text' id='np5_portato'><\/td>\n<td>&nbsp;<\/td>\n<td>&nbsp;<\/td>\n<td><select id='np5_orchestra'><br \/>\n<\/select><\/td>\n<td>&nbsp;<\/td>\n<\/tr>\n<tr id=\"np6\">\n<td><input type='text' id='np6_portato'><\/td>\n<td>&nbsp;<\/td>\n<td>&nbsp;<\/td>\n<td><select id='np6_orchestra'><br \/>\n<\/select><\/td>\n<td>&nbsp;<\/td>\n<\/tr>\n<tr id=\"np7\">\n<td><input type='text' id='np7_portato'><\/td>\n<td>&nbsp;<\/td>\n<td>&nbsp;<\/td>\n<td><select id='np7_orchestra'><br \/>\n<\/select><\/td>\n<td>&nbsp;<\/td>\n<\/tr>\n<tr id=\"np8\">\n<td><input type='text' id='np8_portato'><\/td>\n<td>&nbsp;<\/td>\n<td>&nbsp;<\/td>\n<td><select id='np8_orchestra'><br \/>\n<\/select><\/td>\n<td>&nbsp;<\/td>\n<\/tr>\n<\/tbody>\n<\/table>\n<p>[\/vc_column_text][vc_empty_space][vc_btn title=&#8221;AVANTI&#8221; style=&#8221;gradient-custom&#8221; gradient_custom_color_1=&#8221;#00aec7&#8243; gradient_custom_color_2=&#8221;#99d100&#8243; align=&#8221;right&#8221; css=&#8221;.vc_custom_1539931267713{margin-bottom: 30px !important;}&#8221; el_id=&#8221;np_salva&#8221;][vc_separator][vc_column_text css=&#8221;&#8221;]<\/p>\n<ol type=\"1\"><small><\/p>\n<li>Indicare il numero di telefono (solo linee POTS o ISDN) da portare su rete Retelit.<\/li>\n<li>Indicare il tipo di accesso alla rete telefonica: POTS, ISDN.<\/li>\n<li>Indicare il numero di Linee aggiuntive (solo per tipo di accesso ISDN).<\/li>\n<li>Ai sensi della Delibera 35\/10\/CIR per procedere con la Number Portability \u00e8 necessario comunicare il Codice di Trasferimento Utente fornito dall&#8217;Operatore sul quale \u00e8 attualmente attiva la numerazione. Il codice \u00e8 un valore alfanumerico visualizzabile direttamente sulla fattura.<\/li>\n<p><\/small><\/ol>\n<p>[\/vc_column_text][\/vc_tta_section][\/vc_tta_pageable][vc_tta_pageable no_fill_content_area=&#8221;1&#8243; active_section=&#8221;1&#8243; pagination_style=&#8221;&#8221; el_id=&#8221;pagina3&#8243;][vc_tta_section title=&#8221;Sezione 1&#8243; tab_id=&#8221;1533286443642-bbf69603-629c&#8221;][vc_row_inner][vc_column_inner width=&#8221;2\/3&#8243;][vc_column_text]<input type='hidden' id='npdel_idnpg'><\/p>\n<p><b>Portabilit\u00e0 sul numero <span id=\"npdel_numerocloud\">04441835521<\/span><\/b><\/p>\n<p>[\/vc_column_text][\/vc_column_inner][vc_column_inner width=&#8221;1\/3&#8243;][vc_btn title=&#8221;Indietro&#8221; align=&#8221;right&#8221; css=&#8221;.vc_custom_1536134396942{margin-top: 35px !important;margin-right: 10px !important;}&#8221; el_id=&#8221;np_indietro2&#8243;][\/vc_column_inner][\/vc_row_inner][vc_separator][vc_row_inner][vc_column_inner width=&#8221;1\/2&#8243;][vc_column_text]<\/p>\n<p><b>Telefono Portato:<\/b><\/p>\n<p>[\/vc_column_text][\/vc_column_inner][vc_column_inner width=&#8221;1\/2&#8243;][vc_column_text]<\/p>\n<p id=\"npdel_np\">0444580760<\/p>\n<p>[\/vc_column_text][\/vc_column_inner][\/vc_row_inner][vc_empty_space height=&#8221;1px&#8221;][vc_row_inner][vc_column_inner width=&#8221;1\/2&#8243;][vc_column_text]<\/p>\n<p><b>Telefono capostipite\/radicale:<\/b><\/p>\n<p>[\/vc_column_text][\/vc_column_inner][vc_column_inner width=&#8221;1\/2&#8243;][vc_column_text]<\/p>\n<p id=\"npdel_radicale\">0444580760<\/p>\n<p>[\/vc_column_text][\/vc_column_inner][\/vc_row_inner][vc_empty_space height=&#8221;1px&#8221;][vc_row_inner][vc_column_inner width=&#8221;1\/2&#8243;][vc_column_text]<\/p>\n<p><b>Tipologia linea associata al numero portato:<\/b><\/p>\n<p>[\/vc_column_text][\/vc_column_inner][vc_column_inner width=&#8221;1\/2&#8243;][vc_column_text]<\/p>\n<p id=\"npdel_linea\">0444580760<\/p>\n<p>[\/vc_column_text][\/vc_column_inner][\/vc_row_inner][vc_empty_space height=&#8221;1px&#8221;][vc_row_inner][vc_column_inner width=&#8221;1\/2&#8243;][vc_column_text]<\/p>\n<p><b>Tipologia impianto associato al numero portato:<\/b><\/p>\n<p>[\/vc_column_text][\/vc_column_inner][vc_column_inner width=&#8221;1\/2&#8243;][vc_column_text]<\/p>\n<p id=\"npdel_lineaimpianto\">0444580760<\/p>\n<p>[\/vc_column_text][\/vc_column_inner][\/vc_row_inner][vc_empty_space height=&#8221;1px&#8221;][vc_row_inner][vc_column_inner width=&#8221;1\/2&#8243;][vc_column_text]<\/p>\n<p><b>Ragione Sociale intestatario linea telefonica:<\/b><\/p>\n<p>[\/vc_column_text][\/vc_column_inner][vc_column_inner width=&#8221;1\/2&#8243;][vc_column_text]<\/p>\n<p id=\"npdel_ragionesociale\">0444580760<\/p>\n<p>[\/vc_column_text][\/vc_column_inner][\/vc_row_inner][vc_empty_space height=&#8221;1px&#8221;][vc_row_inner][vc_column_inner width=&#8221;1\/2&#8243;][vc_column_text]<\/p>\n<p><b>Codice Fiscale intestatario:<\/b><\/p>\n<p>[\/vc_column_text][\/vc_column_inner][vc_column_inner width=&#8221;1\/2&#8243;][vc_column_text]<\/p>\n<p id=\"npdel_codicefiscale\">0444580760<\/p>\n<p>[\/vc_column_text][\/vc_column_inner][\/vc_row_inner][vc_empty_space height=&#8221;1px&#8221;][vc_row_inner][vc_column_inner width=&#8221;1\/2&#8243;][vc_column_text]<\/p>\n<p><b>Partita IVA intestatario:<\/b><\/p>\n<p>[\/vc_column_text][\/vc_column_inner][vc_column_inner width=&#8221;1\/2&#8243;][vc_column_text]<\/p>\n<p id=\"npdel_partitaiva\">0444580760<\/p>\n<p>[\/vc_column_text][\/vc_column_inner][\/vc_row_inner][vc_empty_space height=&#8221;1px&#8221;][vc_row_inner][vc_column_inner width=&#8221;1\/2&#8243;][vc_column_text]<\/p>\n<p><b>Indirizzo:<\/b><\/p>\n<p>[\/vc_column_text][\/vc_column_inner][vc_column_inner width=&#8221;1\/2&#8243;][vc_column_text]<\/p>\n<p id=\"npdel_indirizzo\">0444580760<\/p>\n<p>[\/vc_column_text][\/vc_column_inner][\/vc_row_inner][vc_empty_space height=&#8221;1px&#8221;][vc_row_inner][vc_column_inner width=&#8221;1\/2&#8243;][vc_column_text]<\/p>\n<p><b>Comune:<\/b><\/p>\n<p>[\/vc_column_text][\/vc_column_inner][vc_column_inner width=&#8221;1\/2&#8243;][vc_column_text]<\/p>\n<p id=\"npdel_comune\">0444580760<\/p>\n<p>[\/vc_column_text][\/vc_column_inner][\/vc_row_inner][vc_empty_space height=&#8221;1px&#8221;][vc_row_inner][vc_column_inner width=&#8221;1\/2&#8243;][vc_column_text]<\/p>\n<p><b>CAP:<\/b><\/p>\n<p>[\/vc_column_text][\/vc_column_inner][vc_column_inner width=&#8221;1\/2&#8243;][vc_column_text]<\/p>\n<p id=\"npdel_cap\">0444580760<\/p>\n<p>[\/vc_column_text][\/vc_column_inner][\/vc_row_inner][vc_empty_space height=&#8221;1px&#8221;][vc_row_inner][vc_column_inner width=&#8221;1\/2&#8243;][vc_column_text]<\/p>\n<p><b>Recapito Telefonico:<\/b><\/p>\n<p>[\/vc_column_text][\/vc_column_inner][vc_column_inner width=&#8221;1\/2&#8243;][vc_column_text]<\/p>\n<p id=\"npdel_recapito\">0444580760<\/p>\n<p>[\/vc_column_text][\/vc_column_inner][\/vc_row_inner][vc_empty_space height=&#8221;1px&#8221;][vc_row_inner][vc_column_inner width=&#8221;1\/2&#8243;][vc_column_text]<\/p>\n<p><b>Donor:<\/b><\/p>\n<p>[\/vc_column_text][\/vc_column_inner][vc_column_inner width=&#8221;1\/2&#8243;][vc_column_text]<\/p>\n<p id=\"npdel_donor\">0444580760<\/p>\n<p>[\/vc_column_text][\/vc_column_inner][\/vc_row_inner][vc_empty_space height=&#8221;1px&#8221;][vc_row_inner][vc_column_inner width=&#8221;1\/2&#8243;][vc_column_text]<\/p>\n<p><b>Modalit\u00e0 Richiesta Cessazione:<\/b><\/p>\n<p>[\/vc_column_text][\/vc_column_inner][vc_column_inner width=&#8221;1\/2&#8243;][vc_column_text]<select id=\"np_rietroti\"><option value='0' selected>Senza rientro in Telecom<\/option><option value='1'>Con rientro in Telecom<\/option><\/select><br \/>\n[\/vc_column_text][\/vc_column_inner][\/vc_row_inner][vc_empty_space][vc_separator][vc_btn title=&#8221;DISATTIVA&#8221; style=&#8221;gradient-custom&#8221; gradient_custom_color_1=&#8221;#00aec7&#8243; gradient_custom_color_2=&#8221;#99d100&#8243; align=&#8221;right&#8221; css=&#8221;.vc_custom_1536134007239{margin-top: 30px !important;}&#8221; el_id=&#8221;npdel_disattiva&#8221;][vc_empty_space][\/vc_tta_section][\/vc_tta_pageable][\/vc_column][\/vc_row]<\/p>\n<\/div>","protected":false},"excerpt":{"rendered":"<p>[vc_row][vc_column][\/vc_column][\/vc_row][vc_row][vc_column width=&#8221;1\/4&#8243;][vc_wp_custommenu title=&#8221;FAX&#8221; nav_menu=&#8221;43&#8243; el_id=&#8221;sx&#8221; el_class=&#8221;sx&#8221;][\/vc_column][vc_column width=&#8221;3\/4&#8243;][vc_tta_pageable no_fill_content_area=&#8221;1&#8243; active_section=&#8221;1&#8243; pagination_style=&#8221;&#8221; el_id=&#8221;pagina1&#8243;][vc_tta_section title=&#8221;Sezione 1&#8243; tab_id=&#8221;1532609487380-fe615777-8576&#8243;][vc_column_text css=&#8221;&#8221;] Number Portability Nota bene: ricorda che per completare la portabilit\u00e0 della tua numerazione \u00e8 necessario che il contratto con l&#8217;attuale operatore telefonico rimanga attivo fino al momento dell\u2019avvenuta portabilit\u00e0, che coincide con il passaggio effettivo del numero all&#8217;operatore Retelit. [\/vc_column_text][vc_empty_space][vc_column_text]&hellip;<\/p>\n","protected":false},"author":1,"featured_media":0,"parent":2007,"menu_order":0,"comment_status":"closed","ping_status":"closed","template":"template-microsite.php","meta":{"footnotes":""},"class_list":["post-3900","page","type-page","status-publish","hentry","description-off"],"_links":{"self":[{"href":"https:\/\/orchestra.retelit.it\/index.php\/wp-json\/wp\/v2\/pages\/3900","targetHints":{"allow":["GET"]}}],"collection":[{"href":"https:\/\/orchestra.retelit.it\/index.php\/wp-json\/wp\/v2\/pages"}],"about":[{"href":"https:\/\/orchestra.retelit.it\/index.php\/wp-json\/wp\/v2\/types\/page"}],"author":[{"embeddable":true,"href":"https:\/\/orchestra.retelit.it\/index.php\/wp-json\/wp\/v2\/users\/1"}],"replies":[{"embeddable":true,"href":"https:\/\/orchestra.retelit.it\/index.php\/wp-json\/wp\/v2\/comments?post=3900"}],"version-history":[{"count":21,"href":"https:\/\/orchestra.retelit.it\/index.php\/wp-json\/wp\/v2\/pages\/3900\/revisions"}],"predecessor-version":[{"id":6994,"href":"https:\/\/orchestra.retelit.it\/index.php\/wp-json\/wp\/v2\/pages\/3900\/revisions\/6994"}],"up":[{"embeddable":true,"href":"https:\/\/orchestra.retelit.it\/index.php\/wp-json\/wp\/v2\/pages\/2007"}],"wp:attachment":[{"href":"https:\/\/orchestra.retelit.it\/index.php\/wp-json\/wp\/v2\/media?parent=3900"}],"curies":[{"name":"wp","href":"https:\/\/api.w.org\/{rel}","templated":true}]}}