{"id":38,"date":"2018-02-21T09:59:18","date_gmt":"2018-02-21T08:59:18","guid":{"rendered":"https:\/\/orchestra.clouditalia.com\/?page_id=38"},"modified":"2025-04-30T15:08:39","modified_gmt":"2025-04-30T13:08:39","slug":"configurazione","status":"publish","type":"page","link":"https:\/\/orchestra.retelit.it\/index.php\/voip\/configurazione\/","title":{"rendered":"Configurazione"},"content":{"rendered":"<div class=\"wpb-content-wrapper\"><p>[vc_row][vc_column][vc_wp_custommenu nav_menu=&#8221;14&#8243;]<div class=\"gap\" style=\"line-height: 40px; height: 40px;\"><\/div>[vc_column_text]<\/p>\n<h3 class=\"green\">Configurazione applicazioni e apparati<\/h3>\n<p>[\/vc_column_text]<div class=\"gap\" style=\"line-height: 40px; height: 40px;\"><\/div>[\/vc_column][\/vc_row][vc_row el_class=&#8221;boxleft&#8221;][vc_column width=&#8221;1\/3&#8243;][vc_column_text css=&#8221;&#8221;]<strong>SOFTWARE PER PC<\/strong><\/p>\n<p>Software gratuiti per usare servizi VoIP da PC<\/p>\n<ul class=\"nolist\">\n<li><a href=\"http:\/\/www.zoiper.com\/en\" target=\"_blank\" rel=\"noopener\"><img decoding=\"async\" src=\"\/wp-content\/uploads\/2018\/03\/ico_disc.png\" align=\"absmiddle\" \/> Zoiper<\/a><\/li>\n<\/ul>\n<p>[\/vc_column_text][\/vc_column][vc_column width=&#8221;1\/3&#8243;][vc_column_text]<\/p>\n<p><b>SOFTPHONES:<\/b><\/p>\n<p>[\/vc_column_text][vc_tta_accordion color=&#8221;white&#8221; c_icon=&#8221;chevron&#8221; active_section=&#8221;0&#8243; collapsible_all=&#8221;true&#8221; el_class=&#8221;configurazioni&#8221;][vc_tta_section title=&#8221;Zoiper&#8221; tab_id=&#8221;1541585430828-253655e8-e7e2&#8243;][vc_column_text]<\/p>\n<ul class=\"nolist\">\n<li><img decoding=\"async\" src=\"\/wp-content\/uploads\/2018\/10\/ico_manuale.png\" align=\"absmiddle\" \/><a href=\"https:\/\/orchestra.retelit.it\/wp-content\/uploads\/2021\/05\/manuale_zoiper_ios_2018-1.pdf\" target=\"_blank\" rel=\"noopener\">Manuale Zoiper per iOS<\/a><\/li>\n<li><img decoding=\"async\" src=\"\/wp-content\/uploads\/2018\/10\/ico_manuale.png\" align=\"absmiddle\" \/><a href=\"https:\/\/orchestra.retelit.it\/wp-content\/uploads\/2021\/05\/manuale_zoiper_android_2021.pdf\" target=\"_blank\" rel=\"noopener\">Manuale Zoiper per Android<\/a><\/li>\n<li><a href=\"https:\/\/itunes.apple.com\/it\/app\/zoiper-sip-softphone-voip\/id438949960?mt=8\" target=\"_blank\" rel=\"noopener\"><img decoding=\"async\" src=\"\/wp-content\/uploads\/2018\/10\/ico_app.png\" align=\"absmiddle\" \/> Zoiper per iOS<\/a><\/li>\n<li><a href=\"https:\/\/play.google.com\/store\/apps\/details?id=com.zoiper.android.app&amp;hl=it\" target=\"_blank\" rel=\"noopener\"><img decoding=\"async\" src=\"\/wp-content\/uploads\/2018\/10\/ico_app.png\" align=\"absmiddle\" \/> Zoiper per Android<\/a><\/li>\n<\/ul>\n<p>[\/vc_column_text][\/vc_tta_section][\/vc_tta_accordion][\/vc_column][vc_column width=&#8221;1\/3&#8243;][vc_column_text css=&#8221;&#8221;]<strong>TELEFONI VOIP E ATA<\/strong><\/p>\n<p>Utilizza i numeri VoIP come telefoni fissi. Scegli un telefono VoIP o utilizza un telefono tradizionale in abbinamento ad un ATA<\/p>\n<ul class=\"nolist\">\n<li><a href=\"http:\/\/www.fritzshop.it\/fritzfon-telefoni-cordless.php\" target=\"_blank\" rel=\"noopener\"><img decoding=\"async\" src=\"\/wp-content\/uploads\/2018\/03\/ico_link.png\" align=\"absmiddle\" \/> Fritz!<\/a><\/li>\n<li><a href=\"https:\/\/www.gigaset.com\/it_it\/telefoni-overview\/telefoni-voip\/\" target=\"_blank\" rel=\"noopener\"><img decoding=\"async\" src=\"\/wp-content\/uploads\/2018\/03\/ico_link.png\" align=\"absmiddle\" \/> Gigaset<\/a><\/li>\n<li><a href=\"https:\/\/www.ezdirect.it\/voip-gateway-ata-fxo-fxs\/\" target=\"_blank\" rel=\"noopener\"><img decoding=\"async\" src=\"\/wp-content\/uploads\/2018\/03\/ico_link.png\" align=\"absmiddle\" \/> ATA<\/a><\/li>\n<\/ul>\n<p>[\/vc_column_text][\/vc_column][\/vc_row][vc_row][vc_column]<div class=\"gap\" style=\"line-height: 50px; height: 50px;\"><\/div>[vc_column_text]<\/p>\n<p class=\"nascondielemento\">Se nella <span class=\"shortcode-tooltip\">manualistica<span class=\"tooltip-c\">Disponibile a breve!<\/span><\/span> disponibile non trovi quello che cerchi, consulta la sezione <a href=\"\/index.php\/domande-frequenti\/\">FAQ<\/a> con le domande pi\u00f9 frequenti alle quali abbiamo gi\u00e0 fornito una risposta. In alternativa, <a href=\"\/index.php\/contattaci\/\">contattaci<\/a>, specifica pi\u00f9 dettagliatamente possibile la tipologia di problema per il quale richiedi supporto e sar\u00e0 pi\u00f9 facile per il nostro team aiutarti.<\/p>\n<p>[\/vc_column_text]<div class=\"gap\" style=\"line-height: 50px; height: 50px;\"><\/div>[\/vc_column][\/vc_row]<\/p>\n<\/div>","protected":false},"excerpt":{"rendered":"<p>[vc_row][vc_column][vc_wp_custommenu nav_menu=&#8221;14&#8243;][vc_column_text] Configurazione applicazioni e apparati [\/vc_column_text][\/vc_column][\/vc_row][vc_row el_class=&#8221;boxleft&#8221;][vc_column width=&#8221;1\/3&#8243;][vc_column_text css=&#8221;&#8221;]SOFTWARE PER PC Software gratuiti per usare servizi VoIP da PC Zoiper [\/vc_column_text][\/vc_column][vc_column width=&#8221;1\/3&#8243;][vc_column_text] SOFTPHONES: [\/vc_column_text][vc_tta_accordion color=&#8221;white&#8221; c_icon=&#8221;chevron&#8221; active_section=&#8221;0&#8243; collapsible_all=&#8221;true&#8221; el_class=&#8221;configurazioni&#8221;][vc_tta_section title=&#8221;Zoiper&#8221; tab_id=&#8221;1541585430828-253655e8-e7e2&#8243;][vc_column_text] Manuale Zoiper per iOS Manuale Zoiper per Android Zoiper per iOS Zoiper per Android [\/vc_column_text][\/vc_tta_section][\/vc_tta_accordion][\/vc_column][vc_column width=&#8221;1\/3&#8243;][vc_column_text css=&#8221;&#8221;]TELEFONI VOIP E ATA Utilizza i numeri&hellip;<\/p>\n","protected":false},"author":1,"featured_media":0,"parent":32,"menu_order":0,"comment_status":"closed","ping_status":"closed","template":"","meta":{"footnotes":""},"class_list":["post-38","page","type-page","status-publish","hentry","description-off"],"_links":{"self":[{"href":"https:\/\/orchestra.retelit.it\/index.php\/wp-json\/wp\/v2\/pages\/38","targetHints":{"allow":["GET"]}}],"collection":[{"href":"https:\/\/orchestra.retelit.it\/index.php\/wp-json\/wp\/v2\/pages"}],"about":[{"href":"https:\/\/orchestra.retelit.it\/index.php\/wp-json\/wp\/v2\/types\/page"}],"author":[{"embeddable":true,"href":"https:\/\/orchestra.retelit.it\/index.php\/wp-json\/wp\/v2\/users\/1"}],"replies":[{"embeddable":true,"href":"https:\/\/orchestra.retelit.it\/index.php\/wp-json\/wp\/v2\/comments?post=38"}],"version-history":[{"count":78,"href":"https:\/\/orchestra.retelit.it\/index.php\/wp-json\/wp\/v2\/pages\/38\/revisions"}],"predecessor-version":[{"id":6953,"href":"https:\/\/orchestra.retelit.it\/index.php\/wp-json\/wp\/v2\/pages\/38\/revisions\/6953"}],"up":[{"embeddable":true,"href":"https:\/\/orchestra.retelit.it\/index.php\/wp-json\/wp\/v2\/pages\/32"}],"wp:attachment":[{"href":"https:\/\/orchestra.retelit.it\/index.php\/wp-json\/wp\/v2\/media?parent=38"}],"curies":[{"name":"wp","href":"https:\/\/api.w.org\/{rel}","templated":true}]}}