{"id":2921,"date":"2018-05-31T12:06:02","date_gmt":"2018-05-31T10:06:02","guid":{"rendered":"https:\/\/orchestra.clouditalia.com\/index.php\/pacchetti\/pacchetto-200-minuti-pro-copy\/"},"modified":"2021-06-10T15:50:25","modified_gmt":"2021-06-10T13:50:25","slug":"pacchetto-100-minuti-free","status":"publish","type":"page","link":"https:\/\/orchestra.retelit.it\/index.php\/pacchetti\/pacchetto-100-minuti-free\/","title":{"rendered":"Pacchetto 100 minuti Italia fisso e mobile"},"content":{"rendered":"<div class=\"wpb-content-wrapper\"><p>[vc_row][vc_column][vc_raw_html]JTNDc2NyaXB0JTNFJTBBd2luZG93LmRhdGFMYXllci5wdXNoJTI4JTdCJTBBJTIwJTIwJTI3ZXZlbnQlMjclM0ElMjAlMjdwcm9kdWN0RGV0YWlsJTI3JTJDJTBBJTIwJTIwJTI3ZWNvbW1lcmNlJTI3JTNBJTIwJTdCJTBBJTIwJTIwJTIwJTIwJTI3ZGV0YWlsJTI3JTNBJTIwJTdCJTBBJTIwJTIwJTIwJTIwJTIwJTIwJTI3YWN0aW9uRmllbGQlMjclM0ElMjAlN0IlMjdsaXN0JTI3JTNBJTIwJTI3JTI3JTdEJTJDJTBBJTIwJTIwJTIwJTIwJTIwJTIwJTI3cHJvZHVjdHMlMjclM0ElMjAlNUIlN0IlMEElMjAlMjAlMjAlMjAlMjAlMjAlMjAlMjAlMjduYW1lJTI3JTNBJTIwJTI3MTAwJTIwbWludXRpJTIwSXRhbGlhJTIwZmlzc28lMjBlJTIwbW9iaWxlJTI3JTJDJTBBJTIwJTIwJTIwJTIwJTIwJTIwJTIwJTIwJTI3aWQlMjclM0ElMjAlMjdPQ1hNSU5fRlJFRTEwME0lMjclMkMlMEElMjAlMjAlMjAlMjAlMjAlMjAlMjAlMjAlMjdwcmljZSUyNyUzQSUyMCUyNzEwLjAwJTI3JTJDJTBBJTIwJTIwJTIwJTIwJTIwJTIwJTIwJTIwJTI3YnJhbmQlMjclM0ElMjAlMjclMjclMkMlMEElMjAlMjAlMjAlMjAlMjAlMjAlMjAlMjAlMjdjYXRlZ29yeSUyNyUzQSUyMCUyN1ZPQ0UlMjclMkMlMEElMjAlMjAlMjAlMjAlMjAlMjAlMjAlMjAlMjd2YXJpYW50JTI3JTNBJTIwJTI3RlJFRSUyNyUwQSUyMCUyMCUyMCUyMCUyMCUyMCUyMCU3RCU1RCUwQSUyMCUyMCUyMCUyMCUyMCU3RCUwQSUyMCUyMCUyMCU3RCUwQSU3RCUyOSUzQiUwQSUzQyUyRnNjcmlwdCUzRQ==[\/vc_raw_html]<style type=\"text\/css\" data-type=\"the7_shortcodes-inline-css\">.dt-breadcrumbs-id-a5fa9a75788848dea54239d1d5c788e4 .breadcrumbs {\n  display: inline-block;\n  margin: 0;\n  padding: 2px 10px 2px 10px;\n  border: 0px solid ;\n  border-radius: 0px;\n}\n.dt-breadcrumbs-id-a5fa9a75788848dea54239d1d5c788e4 .breadcrumbs * {\n  color: #a2a5a6;\n}<\/style><div class=\"dt-breadcrumbs-shortcode dt-breadcrumbs-id-a5fa9a75788848dea54239d1d5c788e4 align-left\"><div class=\"assistive-text\">You are here:<\/div><ol class=\"breadcrumbs text-small\" itemscope itemtype=\"https:\/\/schema.org\/BreadcrumbList\"><li itemprop=\"itemListElement\" itemscope itemtype=\"https:\/\/schema.org\/ListItem\"><a itemprop=\"item\" href=\"https:\/\/orchestra.retelit.it\/\" title=\"Home\"><span itemprop=\"name\">Home<\/span><\/a><meta itemprop=\"position\" content=\"1\" \/><\/li><li class=\"current\" itemprop=\"itemListElement\" itemscope itemtype=\"https:\/\/schema.org\/ListItem\"><span itemprop=\"name\">Pagina<\/span><meta itemprop=\"position\" content=\"2\" \/><\/li><\/ol><\/div><div class=\"gap\" style=\"line-height: 20px; height: 20px;\"><\/div>[\/vc_column][\/vc_row][vc_row][vc_column width=&#8221;2\/3&#8243;][vc_column_text]<\/p>\n<h3 class=\"green\">Pacchetto 100 minuti Italia fisso e mobile<\/h3>\n<p><strong>Acquista un pacchetto di 100 minuti per chiamare tutti i numeri fissi e mobili italiani in libert\u00e0.<\/strong><\/p>\n<p>Il pacchetto pu\u00f2 essere consumato dal tuo numero del <strong>profilo <\/strong><strong>BASIC <\/strong>ed ha una validit\u00e0 di 30 giorni dal momento dell&#8217;acquisto<strong>.<\/strong><\/p>\n<p>&nbsp;<\/p>\n<p>&nbsp;<\/p>\n<p>&nbsp;<\/p>\n<p><strong>NOTA: Questo pacchetto \u00e8 valido ai fini della richiesta di Number Portability.<\/strong> Per maggiori informazioni sulla Number portability, consulta le <a href=\"\/index.php\/domande-frequenti\/\">Domande Frequenti<\/a>.<\/p>\n<p>[\/vc_column_text][\/vc_column][vc_column width=&#8221;1\/3&#8243;]<style type=\"text\/css\">#go-pricing-table-2949 .gw-go { margin-left:-15px; } #go-pricing-table-2949 .gw-go-col { margin-left:15px; } #go-pricing-table-2949 .gw-go-col-wrap { min-width:280px; } #go-pricing-table-2949 .gw-go-col-wrap { max-width:280px; } #go-pricing-table-2949 .gw-go-col-inner { border-radius:12px 12px 12px 12px; } #go-pricing-table-2949 ul.gw-go-body,  #go-pricing-table-2949 ul.gw-go-body li { border:none !important; padding-top:1px; } #go-pricing-table-2949 ul.gw-go-body li .gw-go-body-cell { padding-top:1px; } #go-pricing-table-2949 ul.gw-go-body { padding-bottom:1px; } #go-pricing-table-2949 .gw-go-tooltip-content { background-color:#9d9d9d;color:#454545; } #go-pricing-table-2949 .gw-go-tooltip:before { border-top-color:#9d9d9d; } #go-pricing-table-2949 .gw-go-col-wrap-0.gw-go-hover .gw-go-col-inner, #go-pricing-table-2949 .gw-go-col-wrap-0 .gw-go-btn {  background-color:#008f4e; } #go-pricing-table-2949 .gw-go-col-wrap-0.gw-go-hover .gw-go-coinf div, #go-pricing-table-2949 .gw-go-col-wrap-0.gw-go-hover .gw-go-coinb div { color:#008f4e; } #go-pricing-table-2949 .gw-go-col-wrap-0.gw-go-hover .gw-go-btn { color:#008f4e !important; } #go-pricing-table-2949 .gw-go-col-wrap-0 .gw-go-body li[data-row-index=\"0\"] { font-size:14px !important; line-height:22px !important; } #go-pricing-table-2949 .gw-go-col-wrap-0 .gw-go-body li[data-row-index=\"1\"] { font-size:12px !important; line-height:16px !important; } #go-pricing-table-2949 .gw-go-col-wrap-0 .gw-go-body li[data-row-index=\"2\"] { font-size:12px !important; line-height:16px !important; } #go-pricing-table-2949 .gw-go-col-wrap-0 .gw-go-footer-row[data-row-index=\"0\"]  { font-size:12px !important; line-height:16px !important; } #go-pricing-table-2949 .gw-go-col-wrap-0 .gw-go-footer-row[data-row-index=\"1\"]  .gw-go-btn { font-size:14px !important; font-weight:bold !important; } #go-pricing-table-2949 .gw-go-col-wrap-0 .gw-go-footer-row[data-row-index=\"1\"] .gw-go-btn { background-color:#565f66 !important; color:#ffffff !important; } #go-pricing-table-2949 .gw-go { visibility:inherit; }<\/style><div id=\"go-pricing-table-2949\" class=\"go-pricing\" style=\"margin-bottom:20px;\"><div class=\"gw-go gw-go-clearfix gw-go-enlarge-current gw-go-fullh-bg gw-go-disable-box-shadow gw-go-1col\" data-id=\"2949\" data-colnum=\"1\" data-equalize=\"{&quot;body&quot;:&quot;1&quot;,&quot;footer&quot;:&quot;1&quot;,&quot;column&quot;:&quot;1&quot;,&quot;fullh-bg&quot;:&quot;1&quot;}\" data-views=\"{&quot;tp&quot;:{&quot;min&quot;:&quot;768&quot;,&quot;max&quot;:&quot;959&quot;,&quot;cols&quot;:&quot;&quot;},&quot;ml&quot;:{&quot;min&quot;:&quot;480&quot;,&quot;max&quot;:&quot;767&quot;,&quot;cols&quot;:&quot;2&quot;},&quot;mp&quot;:{&quot;min&quot;:&quot;&quot;,&quot;max&quot;:&quot;479&quot;,&quot;cols&quot;:&quot;1&quot;}}\" data-mw=\"280\"><div class=\"gw-go-col-wrap gw-go-col-wrap-0 gw-go-hover gw-go-disable-enlarge gw-go-disable-hover\" data-current=\"1\" data-col-index=\"0\"><div class=\"gw-go-col gw-go-clean-style8 gw-go-shadow3\"><div class=\"gw-go-col-inner\"><div class=\"gw-go-col-inner-layer\"><\/div><div class=\"gw-go-col-inner-layer-over\"><\/div><div class=\"gw-go-ribbon-right\" style=\"right:12px; top:17px;\"><img decoding=\"async\" src=\"https:\/\/orchestra.retelit.it\/wp-content\/uploads\/2021\/04\/tag_basic.png\" alt=\"\"><\/div><div class=\"gw-go-header gw-go-header-standard\" style=\"background: rgba(255,255,255,0.2); color: #ffffff;\"><div class=\"gw-go-header-top\">\r\n<h3>Voce Basic<\/h3>\r\n<\/div><\/div><ul class=\"gw-go-body\"><li data-row-index=\"0\"><div class=\"gw-go-body-cell\"><h4 style=\"color:white;\">100 minuti<\/h4>\r\nITALIA fisso e mobile\r\n<h1><b>&euro;<\/b><span id=\"impo_OCXMIN_FREE100M\"><\/span><\/h1>\r\n<span class=\"validate\">Valido 30 giorni<\/span><\/div><\/li><li class=\"gw-go-even\" data-row-index=\"1\"><div class=\"gw-go-body-cell\"><b>&euro; <\/b><span style=\"color:white; font-size:24px;\" id=\"impo_OCXMIN_FREE100M\"><\/span><\/div><\/li><li data-row-index=\"2\"><div class=\"gw-go-body-cell\"><span style=\"color:white; font-size: 14px;\" class=\"validate\">Valido 30 giorni<\/span><\/div><\/li><\/ul><div class=\"gw-go-footer-wrap\"><div class=\"gw-go-footer-spacer\"><\/div><div class=\"gw-go-footer\"><div class=\"gw-go-footer-rows\"><div class=\"gw-go-footer-row\" data-row-index=\"0\"><div class=\"gw-go-footer-row-inner\"><a href=\"javascript:void(0);\" class=\"gw-go-btn gw-go-btn-medium btn_ocxcarrello\" id=\"OCXMIN_FREE100M\"><span class=\"gw-go-btn-inner btn_acquista\">Acquista<\/span><\/a><\/div><\/div><div class=\"gw-go-footer-row gw-go-even\" data-row-index=\"1\"><div class=\"gw-go-footer-row-inner\"><a href=\"\/index.php\/pacchetti\/pacchetto-100-minuti-free\" class=\"gw-go-btn gw-go-btn-medium\"><span class=\"gw-go-btn-inner\">Info<\/span><\/a><\/div><\/div><\/div><\/div><\/div><\/div><\/div><\/div><\/div><\/div>[\/vc_column][\/vc_row][vc_row][vc_column]<div class=\"gap\" style=\"line-height: 150px; height: 150px;\"><\/div>[\/vc_column][\/vc_row]<\/p>\n<\/div>","protected":false},"excerpt":{"rendered":"<p>[vc_row][vc_column][vc_raw_html]JTNDc2NyaXB0JTNFJTBBd2luZG93LmRhdGFMYXllci5wdXNoJTI4JTdCJTBBJTIwJTIwJTI3ZXZlbnQlMjclM0ElMjAlMjdwcm9kdWN0RGV0YWlsJTI3JTJDJTBBJTIwJTIwJTI3ZWNvbW1lcmNlJTI3JTNBJTIwJTdCJTBBJTIwJTIwJTIwJTIwJTI3ZGV0YWlsJTI3JTNBJTIwJTdCJTBBJTIwJTIwJTIwJTIwJTIwJTIwJTI3YWN0aW9uRmllbGQlMjclM0ElMjAlN0IlMjdsaXN0JTI3JTNBJTIwJTI3JTI3JTdEJTJDJTBBJTIwJTIwJTIwJTIwJTIwJTIwJTI3cHJvZHVjdHMlMjclM0ElMjAlNUIlN0IlMEElMjAlMjAlMjAlMjAlMjAlMjAlMjAlMjAlMjduYW1lJTI3JTNBJTIwJTI3MTAwJTIwbWludXRpJTIwSXRhbGlhJTIwZmlzc28lMjBlJTIwbW9iaWxlJTI3JTJDJTBBJTIwJTIwJTIwJTIwJTIwJTIwJTIwJTIwJTI3aWQlMjclM0ElMjAlMjdPQ1hNSU5fRlJFRTEwME0lMjclMkMlMEElMjAlMjAlMjAlMjAlMjAlMjAlMjAlMjAlMjdwcmljZSUyNyUzQSUyMCUyNzEwLjAwJTI3JTJDJTBBJTIwJTIwJTIwJTIwJTIwJTIwJTIwJTIwJTI3YnJhbmQlMjclM0ElMjAlMjclMjclMkMlMEElMjAlMjAlMjAlMjAlMjAlMjAlMjAlMjAlMjdjYXRlZ29yeSUyNyUzQSUyMCUyN1ZPQ0UlMjclMkMlMEElMjAlMjAlMjAlMjAlMjAlMjAlMjAlMjAlMjd2YXJpYW50JTI3JTNBJTIwJTI3RlJFRSUyNyUwQSUyMCUyMCUyMCUyMCUyMCUyMCUyMCU3RCU1RCUwQSUyMCUyMCUyMCUyMCUyMCU3RCUwQSUyMCUyMCUyMCU3RCUwQSU3RCUyOSUzQiUwQSUzQyUyRnNjcmlwdCUzRQ==[\/vc_raw_html][\/vc_column][\/vc_row][vc_row][vc_column width=&#8221;2\/3&#8243;][vc_column_text] Pacchetto 100 minuti Italia fisso e mobile Acquista un pacchetto di 100 minuti per chiamare tutti i numeri fissi e mobili italiani in libert\u00e0. Il pacchetto pu\u00f2 essere consumato dal tuo numero del profilo BASIC ed ha una validit\u00e0 di 30 giorni dal momento dell&#8217;acquisto. &nbsp; &nbsp; &nbsp; NOTA: Questo pacchetto \u00e8 valido&hellip;<\/p>\n","protected":false},"author":1,"featured_media":0,"parent":28,"menu_order":0,"comment_status":"closed","ping_status":"closed","template":"","meta":{"footnotes":""},"class_list":["post-2921","page","type-page","status-publish","hentry","description-off"],"_links":{"self":[{"href":"https:\/\/orchestra.retelit.it\/index.php\/wp-json\/wp\/v2\/pages\/2921","targetHints":{"allow":["GET"]}}],"collection":[{"href":"https:\/\/orchestra.retelit.it\/index.php\/wp-json\/wp\/v2\/pages"}],"about":[{"href":"https:\/\/orchestra.retelit.it\/index.php\/wp-json\/wp\/v2\/types\/page"}],"author":[{"embeddable":true,"href":"https:\/\/orchestra.retelit.it\/index.php\/wp-json\/wp\/v2\/users\/1"}],"replies":[{"embeddable":true,"href":"https:\/\/orchestra.retelit.it\/index.php\/wp-json\/wp\/v2\/comments?post=2921"}],"version-history":[{"count":8,"href":"https:\/\/orchestra.retelit.it\/index.php\/wp-json\/wp\/v2\/pages\/2921\/revisions"}],"predecessor-version":[{"id":6361,"href":"https:\/\/orchestra.retelit.it\/index.php\/wp-json\/wp\/v2\/pages\/2921\/revisions\/6361"}],"up":[{"embeddable":true,"href":"https:\/\/orchestra.retelit.it\/index.php\/wp-json\/wp\/v2\/pages\/28"}],"wp:attachment":[{"href":"https:\/\/orchestra.retelit.it\/index.php\/wp-json\/wp\/v2\/media?parent=2921"}],"curies":[{"name":"wp","href":"https:\/\/api.w.org\/{rel}","templated":true}]}}