{"id":2260,"date":"2018-05-07T14:25:09","date_gmt":"2018-05-07T12:25:09","guid":{"rendered":"https:\/\/orchestra.clouditalia.com\/index.php\/programma-sponsor-copy\/"},"modified":"2025-04-18T10:09:55","modified_gmt":"2025-04-18T08:09:55","slug":"number-portability","status":"publish","type":"page","link":"https:\/\/orchestra.retelit.it\/index.php\/number-portability\/","title":{"rendered":"Number Portability"},"content":{"rendered":"<div class=\"wpb-content-wrapper\"><p>[vc_row][vc_column]\n\t\t\t<!-- START Slider Number Portability REVOLUTION SLIDER 6.7.38 --><p class=\"rs-p-wp-fix\"><\/p>\n\t\t\t<rs-module-wrap id=\"rev_slider_19_1_wrapper\" data-source=\"gallery\" style=\"visibility:hidden;background:#ffffff;padding:0;margin:0px auto;margin-top:0;margin-bottom:0;\">\n\t\t\t\t<rs-module id=\"rev_slider_19_1\" style=\"\" data-version=\"6.7.38\">\n\t\t\t\t\t<rs-slides style=\"overflow: hidden; position: absolute;\">\n\t\t\t\t\t\t<rs-slide style=\"position: absolute;\" data-key=\"rs-39\" data-title=\"Slide\" data-duration=\"10010\" data-in=\"o:1;\" data-out=\"o:1;\">\n\t\t\t\t\t\t\t<img decoding=\"async\" src=\"\/\/orchestra.retelit.it\/wp-content\/plugins\/revslider\/sr6\/assets\/assets\/dummy.png\" alt=\"\" title=\"Number Portability\" class=\"rev-slidebg tp-rs-img rs-lazyload\" data-lazyload=\"\/\/orchestra.retelit.it\/wp-content\/uploads\/2018\/10\/maique-madeira-256088-unsplash-2.jpg\" data-bg=\"p:0% 77%;\" data-parallax=\"off\" data-no-retina>\n<!--\n\t\t\t\t\t\t\t--><rs-layer\n\t\t\t\t\t\t\t\tid=\"slider-19-slide-39-layer-1\" \n\t\t\t\t\t\t\t\tclass=\"Titolo-verde\"\n\t\t\t\t\t\t\t\tdata-type=\"text\"\n\t\t\t\t\t\t\t\tdata-rsp_ch=\"on\"\n\t\t\t\t\t\t\t\tdata-xy=\"x:c;xo:-282px,-196px,-89px,7px;y:m;yo:-114px,-89px,-91px,-99px;\"\n\t\t\t\t\t\t\t\tdata-text=\"w:normal;s:50,50,50,30;l:45,45,45,28;fw:800;\"\n\t\t\t\t\t\t\t\tdata-dim=\"w:579px,537px,496px,396px;h:148px,147px,147px,67px;\"\n\t\t\t\t\t\t\t\tdata-padding=\"b:10;\"\n\t\t\t\t\t\t\t\tdata-frame_0=\"tp:600;\"\n\t\t\t\t\t\t\t\tdata-frame_1=\"tp:600;sp:1000;sR:10;\"\n\t\t\t\t\t\t\t\tdata-frame_999=\"st:w;sp:1000;sR:9000;auto:true;\"\n\t\t\t\t\t\t\t\tdata-frame_999_mask=\"u:t;\"\n\t\t\t\t\t\t\t\tstyle=\"z-index:5;font-family:'Nunito';\"\n\t\t\t\t\t\t\t>Passa al Voip portando il tuo vecchio numero \n\t\t\t\t\t\t\t<\/rs-layer><!--\n\n\t\t\t\t\t\t\t--><rs-layer\n\t\t\t\t\t\t\t\tid=\"slider-19-slide-39-layer-5\" \n\t\t\t\t\t\t\t\tclass=\"Sottotitolo\"\n\t\t\t\t\t\t\t\tdata-type=\"text\"\n\t\t\t\t\t\t\t\tdata-rsp_ch=\"on\"\n\t\t\t\t\t\t\t\tdata-xy=\"x:c;xo:-265px,-173px,-66px,4px;y:m;yo:4px,31px,16px,76px;\"\n\t\t\t\t\t\t\t\tdata-text=\"w:normal;s:18,18,18,16;l:24;\"\n\t\t\t\t\t\t\t\tdata-dim=\"w:612px,577px,542px,387px;h:147px,49px,49px,267px;\"\n\t\t\t\t\t\t\t\tdata-frame_0=\"tp:600;\"\n\t\t\t\t\t\t\t\tdata-frame_1=\"tp:600;sp:1000;sR:10;\"\n\t\t\t\t\t\t\t\tdata-frame_999=\"st:w;sp:1000;sR:9000;auto:true;\"\n\t\t\t\t\t\t\t\tdata-frame_999_mask=\"u:t;\"\n\t\t\t\t\t\t\t\tstyle=\"z-index:6;font-family:'Open Sans';\"\n\t\t\t\t\t\t\t>Richiedi subito gratis la Number Portability dalla tua Area Riservata \n\t\t\t\t\t\t\t<\/rs-layer><!--\n-->\t\t\t\t\t<\/rs-slide>\n\t\t\t\t\t<\/rs-slides>\n\t\t\t\t<\/rs-module>\n\t\t\t\t<script>\n\t\t\t\t\tsetREVStartSize({c: 'rev_slider_19_1',rl:[1240,1024,778,480],el:[],gw:[1240,1024,778,480],gh:[500,450,400,350],type:'standard',justify:'',layout:'fullwidth',mh:\"0\"});if (window.RS_MODULES!==undefined && window.RS_MODULES.modules!==undefined && window.RS_MODULES.modules[\"revslider191\"]!==undefined) {window.RS_MODULES.modules[\"revslider191\"].once = false;window.revapi19 = undefined;if (window.RS_MODULES.checkMinimal!==undefined) window.RS_MODULES.checkMinimal()}\n\t\t\t\t<\/script>\n\t\t\t<\/rs-module-wrap>\n\t\t\t<!-- END REVOLUTION SLIDER -->\n<div class=\"gap\" style=\"line-height: 50px; height: 50px;\"><\/div>[vc_column_text css=&#8221;&#8221;]Per richiedere la portabilit\u00e0 di un numero \u00e8 necessario essere in possesso di <strong>una numerazione Orchestra<\/strong>. In caso di <strong>numerazione Basic voce<\/strong> \u00e8 necessario l\u2019acquisto (una sola volta) di un pacchetto Basic minuti voce o sms presente sul portale. In caso di <strong>numerazione Basic fax<\/strong> \u00e8 necessario l\u2019acquisto (una sola volta) di un pacchetto Basic fax o sms presente sul portale. Tale pacchetto non si rinnova in automatico ogni mese e non necessita di rinnovo per mantenere il numero portato. Alla scadenza del pacchetto la portabilit\u00e0 rimane comunque attiva <strong>purch\u00e9 la numerazione venga utilizzata<\/strong>. In caso di <strong>numerazione PRO<\/strong>, invece, la procedura di portabilit\u00e0 \u00e8 attivabile immediatamente, senza necessit\u00e0 di acquistare alcun pacchetto.[\/vc_column_text]<div class=\"gap\" style=\"line-height: 50px; height: 50px;\"><\/div>[\/vc_column][\/vc_row][vc_row][vc_column width=&#8221;1\/2&#8243;][vc_column_text]<\/p>\n<h1>Cosa serve?<\/h1>\n<p>Prima di procedere con la compilazione della richiesta controllare di essere in possesso dei seguenti dati\/documenti:<\/p>\n<ul>\n<li>Tipologia della linea associata al numero da portare<\/li>\n<li>Codice di migrazione per il trasferimento della linea (reperibili sulla bolletta telefonica del precedente Operatore Telefonico)<\/li>\n<li>Dati e copia del documento di identit\u00e0 fronte\/retro in corso di validit\u00e0 del titolare della numerazione<\/li>\n<li>Indirizzo completo<\/li>\n<\/ul>\n<p>[\/vc_column_text][\/vc_column][vc_column width=&#8221;1\/2&#8243;][vc_column_text css=&#8221;&#8221;]<\/p>\n<h1>Come procedere?<\/h1>\n<ol type=\"1\">\n<li>Compilare i campi richiesti che compaiono a video<\/li>\n<li>Stampare e firmare la liberatoria che verr\u00e0 generata in automatico dal sistema<\/li>\n<li>Caricare la liberatoria firmata e il documento di identit\u00e0 del titolare del numero all&#8217;interno della stessa sezione<\/li>\n<li>Attendere conferma email da parte di Orchestra con comunicazione su come procedere per il completamento della procedura<\/li>\n<\/ol>\n<p>[\/vc_column_text][\/vc_column][\/vc_row][vc_row][vc_column][vc_separator css=&#8221;.vc_custom_1525696274351{margin-top: 30px !important;margin-bottom: 30px !important;}&#8221;][vc_column_text]<\/p>\n<p>N.B.: Ricorda che per richiedere la portabilit\u00e0 della tua numerazione \u00e8 necessario che il contratto con l\u2019operatore telefonico sia attivo al momento della domanda e rimanga attivo sino al momento dell\u2019avvenuta portabilit\u00e0.<\/p>\n<p>[\/vc_column_text]<div class=\"gap\" style=\"line-height: 50px; height: 50px;\"><\/div>[\/vc_column][\/vc_row]<\/p>\n<\/div>","protected":false},"excerpt":{"rendered":"<p>[vc_row][vc_column][vc_column_text css=&#8221;&#8221;]Per richiedere la portabilit\u00e0 di un numero \u00e8 necessario essere in possesso di una numerazione Orchestra. In caso di numerazione Basic voce \u00e8 necessario l\u2019acquisto (una sola volta) di un pacchetto Basic minuti voce o sms presente sul portale. In caso di numerazione Basic fax \u00e8 necessario l\u2019acquisto (una sola volta) di un pacchetto&hellip;<\/p>\n","protected":false},"author":1,"featured_media":0,"parent":0,"menu_order":0,"comment_status":"closed","ping_status":"closed","template":"","meta":{"footnotes":""},"class_list":["post-2260","page","type-page","status-publish","hentry","description-off"],"_links":{"self":[{"href":"https:\/\/orchestra.retelit.it\/index.php\/wp-json\/wp\/v2\/pages\/2260","targetHints":{"allow":["GET"]}}],"collection":[{"href":"https:\/\/orchestra.retelit.it\/index.php\/wp-json\/wp\/v2\/pages"}],"about":[{"href":"https:\/\/orchestra.retelit.it\/index.php\/wp-json\/wp\/v2\/types\/page"}],"author":[{"embeddable":true,"href":"https:\/\/orchestra.retelit.it\/index.php\/wp-json\/wp\/v2\/users\/1"}],"replies":[{"embeddable":true,"href":"https:\/\/orchestra.retelit.it\/index.php\/wp-json\/wp\/v2\/comments?post=2260"}],"version-history":[{"count":17,"href":"https:\/\/orchestra.retelit.it\/index.php\/wp-json\/wp\/v2\/pages\/2260\/revisions"}],"predecessor-version":[{"id":6942,"href":"https:\/\/orchestra.retelit.it\/index.php\/wp-json\/wp\/v2\/pages\/2260\/revisions\/6942"}],"wp:attachment":[{"href":"https:\/\/orchestra.retelit.it\/index.php\/wp-json\/wp\/v2\/media?parent=2260"}],"curies":[{"name":"wp","href":"https:\/\/api.w.org\/{rel}","templated":true}]}}