{"id":106,"date":"2018-02-21T17:26:36","date_gmt":"2018-02-21T16:26:36","guid":{"rendered":"https:\/\/orchestra.clouditalia.com\/?page_id=106"},"modified":"2025-02-10T15:58:25","modified_gmt":"2025-02-10T14:58:25","slug":"chi-siamo","status":"publish","type":"page","link":"https:\/\/orchestra.retelit.it\/index.php\/chi-siamo\/","title":{"rendered":"Chi siamo"},"content":{"rendered":"<div class=\"wpb-content-wrapper\"><p>[vc_row][vc_column]\n\t\t\t<!-- START chi siamo REVOLUTION SLIDER 6.7.38 --><p class=\"rs-p-wp-fix\"><\/p>\n\t\t\t<rs-module-wrap id=\"rev_slider_24_1_wrapper\" data-source=\"gallery\" style=\"visibility:hidden;background:#ffffff;padding:0;margin:0px auto;margin-top:0;margin-bottom:0;\">\n\t\t\t\t<rs-module id=\"rev_slider_24_1\" style=\"\" data-version=\"6.7.38\">\n\t\t\t\t\t<rs-slides style=\"overflow: hidden; position: absolute;\">\n\t\t\t\t\t\t<rs-slide style=\"position: absolute;\" data-key=\"rs-72\" data-title=\"Slide\" data-duration=\"10010\" data-in=\"o:1;\" data-out=\"o:1;\">\n\t\t\t\t\t\t\t<img decoding=\"async\" src=\"\/\/orchestra.retelit.it\/wp-content\/plugins\/revslider\/sr6\/assets\/assets\/dummy.png\" alt=\"\" title=\"Chi siamo\" class=\"rev-slidebg tp-rs-img rs-lazyload\" data-lazyload=\"\/\/orchestra.retelit.it\/wp-content\/uploads\/2018\/09\/nasa-53884-unsplash.jpg\" data-parallax=\"off\" data-no-retina>\n<!--\n\t\t\t\t\t\t\t--><rs-layer\n\t\t\t\t\t\t\t\tid=\"slider-24-slide-72-layer-1\" \n\t\t\t\t\t\t\t\tclass=\"Titolo-verde\"\n\t\t\t\t\t\t\t\tdata-type=\"text\"\n\t\t\t\t\t\t\t\tdata-rsp_ch=\"on\"\n\t\t\t\t\t\t\t\tdata-xy=\"x:c;xo:-250px,-145px,0,-1px;y:m;yo:-160px,-141px,-110px,-113px;\"\n\t\t\t\t\t\t\t\tdata-text=\"w:normal;s:50,50,50,30;l:45,45,45,28;fw:800;\"\n\t\t\t\t\t\t\t\tdata-dim=\"w:638px,641px,681px,394px;h:56px,56px,56px,auto;\"\n\t\t\t\t\t\t\t\tdata-padding=\"b:10;\"\n\t\t\t\t\t\t\t\tdata-frame_0=\"tp:600;\"\n\t\t\t\t\t\t\t\tdata-frame_1=\"tp:600;sp:1000;sR:10;\"\n\t\t\t\t\t\t\t\tdata-frame_999=\"st:w;sp:1000;sR:9000;auto:true;\"\n\t\t\t\t\t\t\t\tdata-frame_999_mask=\"u:t;\"\n\t\t\t\t\t\t\t\tstyle=\"z-index:5;font-family:'Nunito';\"\n\t\t\t\t\t\t\t>Orchestra \n\t\t\t\t\t\t\t<\/rs-layer><!--\n\n\t\t\t\t\t\t\t--><rs-layer\n\t\t\t\t\t\t\t\tid=\"slider-24-slide-72-layer-10\" \n\t\t\t\t\t\t\t\tclass=\"Sottotitolo\"\n\t\t\t\t\t\t\t\tdata-type=\"text\"\n\t\t\t\t\t\t\t\tdata-rsp_ch=\"on\"\n\t\t\t\t\t\t\t\tdata-xy=\"xo:50px,47px,49px,43px;yo:147px,128px,131px,93px;\"\n\t\t\t\t\t\t\t\tdata-text=\"w:normal;s:18,18,18,16;l:24;\"\n\t\t\t\t\t\t\t\tdata-dim=\"w:607px,581px,522px,405px;h:146px,auto,362px,auto;\"\n\t\t\t\t\t\t\t\tdata-frame_0=\"tp:600;\"\n\t\t\t\t\t\t\t\tdata-frame_1=\"tp:600;st:0;\"\n\t\t\t\t\t\t\t\tdata-frame_999=\"o:0;tp:600;st:w;sR:9710;\"\n\t\t\t\t\t\t\t\tstyle=\"z-index:6;font-family:'Open Sans';\"\n\t\t\t\t\t\t\t>E' la piattaforma di gestione di servizi digitali per chiamate (VoIP), Fax, SMS e molto altro. Tutti i servizi sono gestibili ed attivabili online. Massima flessibilit\u00e0 per gestire le esigenze private, dell'ufficio, delle tue passioni. Controllo della spesa e dei consumi con la modalit\u00e0 prepagata. Da oltre 10 anni sviluppiamo i migliori servizi VoIP e tutte le funzionalit\u00e0 di Unifided Communication con prezzi sempre competitivi. \n\t\t\t\t\t\t\t<\/rs-layer><!--\n-->\t\t\t\t\t<\/rs-slide>\n\t\t\t\t\t<\/rs-slides>\n\t\t\t\t<\/rs-module>\n\t\t\t\t<script>\n\t\t\t\t\tsetREVStartSize({c: 'rev_slider_24_1',rl:[1240,1024,778,480],el:[],gw:[1240,1024,778,480],gh:[500,450,400,350],type:'standard',justify:'',layout:'fullwidth',mh:\"0\"});if (window.RS_MODULES!==undefined && window.RS_MODULES.modules!==undefined && window.RS_MODULES.modules[\"revslider241\"]!==undefined) {window.RS_MODULES.modules[\"revslider241\"].once = false;window.revapi24 = undefined;if (window.RS_MODULES.checkMinimal!==undefined) window.RS_MODULES.checkMinimal()}\n\t\t\t\t<\/script>\n\t\t\t<\/rs-module-wrap>\n\t\t\t<!-- END REVOLUTION SLIDER -->\n<div class=\"gap\" style=\"line-height: 50px; height: 50px;\"><\/div>[\/vc_column][\/vc_row][vc_row][vc_column width=&#8221;1\/2&#8243;][vc_column_text]<\/p>\n<h1>Retelit<\/h1>\n<p>Siamo un\u2019azienda leader in Italia nel settore delle Telecomunicazioni <strong>focalizzato sul mercato B2B<\/strong>, con un\u2019offerta che integra <strong>infrastrutture<\/strong> e <strong>soluzioni digitali<\/strong>, con una copertura capillare sul territorio italiano.<\/p>\n<p>Mettiamo a disposizione un ecosistema che ci rende la piattaforma tecnologica di riferimento in Italia: <strong>34 Data Center<\/strong>, <strong>43.000 Km<\/strong> di <strong>fibra ottica<\/strong> lungo le autostrade e lungo la dorsale Adriatica e oltre <strong>2.700 punti di accesso<\/strong> alla fibra, <strong>3 piattaforme multicloud<\/strong> italiane e <strong>Avalon Campus<\/strong>, il pi\u00f9 grande Internet hub privato in Italia.<br \/>A questa solida presenza si aggiunge il nostro maggior punto di forza: la capacit\u00e0 di ascoltare i clienti e dare priorit\u00e0 alle loro esigenze digitali.<br \/>[\/vc_column_text][vc_btn title=&#8221;Scopri di pi\u00f9&#8221; style=&#8221;gradient-custom&#8221; gradient_custom_color_1=&#8221;#006d40&#8243; gradient_custom_color_2=&#8221;#99d100&#8243; link=&#8221;url:https%3A%2F%2Fwww.retelit.it|title:Scopri%20di%20pi%C3%B9|target:%20_blank|&#8221; css=&#8221;.vc_custom_1600183907992{margin-top: 35px !important;}&#8221;][\/vc_column][vc_column width=&#8221;1\/2&#8243;][vc_column_text]<\/p>\n<h1>Voce evoluta\/Linea voip<\/h1>\n<h6>IL SERVIZIO VOCE CHE SI ADATTA AL TUO BUSINESS<\/h6>\n<p>Sfrutta tutte le potenzialit\u00e0 delle tue linee VoiP con il nostro servizio Voce Evoluta.<br \/>Si adatta a qualsiasi esigenza, da quelle di un professionista o piccolo artigiano fino a quelle di una azienda pi\u00f9 grande e strutturata.<br \/>Funziona con <strong>la connettivit\u00e0 di qualsiasi operatore<\/strong> e puoi <strong>mantenere i tuoi numeri<\/strong> telefonici attuali <strong>gratuitamente<\/strong>.<\/p>\n\n<p>&nbsp;<br >&nbsp;[\/vc_column_text][vc_btn title=&#8221;Scopri di pi\u00f9&#8221; style=&#8221;gradient-custom&#8221; gradient_custom_color_1=&#8221;#006d40&#8243; gradient_custom_color_2=&#8221;#99d100&#8243; link=&#8221;url:https%3A%2F%2Fwww.retelit.it%2Fit%2Fvoce%2Flinea-voip-business|title:Scopri%20di%20pi%C3%B9|target:%20_blank|&#8221; css=&#8221;.vc_custom_1600183915301{margin-top: 21px !important;}&#8221;]<div class=\"gap\" style=\"line-height: 50px; height: 50px;\"><\/div>[\/vc_column][\/vc_row]<\/p>\n\n\n<p><\/p>\n<\/div>","protected":false},"excerpt":{"rendered":"<p>[vc_row][vc_column][\/vc_column][\/vc_row][vc_row][vc_column width=&#8221;1\/2&#8243;][vc_column_text] Retelit Siamo un\u2019azienda leader in Italia nel settore delle Telecomunicazioni focalizzato sul mercato B2B, con un\u2019offerta che integra infrastrutture e soluzioni digitali, con una copertura capillare sul territorio italiano. Mettiamo a disposizione un ecosistema che ci rende la piattaforma tecnologica di riferimento in Italia: 34 Data Center, 43.000 Km di fibra ottica lungo&hellip;<\/p>\n","protected":false},"author":1,"featured_media":0,"parent":0,"menu_order":0,"comment_status":"closed","ping_status":"closed","template":"","meta":{"footnotes":""},"class_list":["post-106","page","type-page","status-publish","hentry","description-off"],"_links":{"self":[{"href":"https:\/\/orchestra.retelit.it\/index.php\/wp-json\/wp\/v2\/pages\/106","targetHints":{"allow":["GET"]}}],"collection":[{"href":"https:\/\/orchestra.retelit.it\/index.php\/wp-json\/wp\/v2\/pages"}],"about":[{"href":"https:\/\/orchestra.retelit.it\/index.php\/wp-json\/wp\/v2\/types\/page"}],"author":[{"embeddable":true,"href":"https:\/\/orchestra.retelit.it\/index.php\/wp-json\/wp\/v2\/users\/1"}],"replies":[{"embeddable":true,"href":"https:\/\/orchestra.retelit.it\/index.php\/wp-json\/wp\/v2\/comments?post=106"}],"version-history":[{"count":80,"href":"https:\/\/orchestra.retelit.it\/index.php\/wp-json\/wp\/v2\/pages\/106\/revisions"}],"predecessor-version":[{"id":6872,"href":"https:\/\/orchestra.retelit.it\/index.php\/wp-json\/wp\/v2\/pages\/106\/revisions\/6872"}],"wp:attachment":[{"href":"https:\/\/orchestra.retelit.it\/index.php\/wp-json\/wp\/v2\/media?parent=106"}],"curies":[{"name":"wp","href":"https:\/\/api.w.org\/{rel}","templated":true}]}}